{"id":28402,"date":"2022-04-21T23:06:48","date_gmt":"2022-04-21T15:06:48","guid":{"rendered":"https:\/\/uk.nanboya.global\/?page_id=28402"},"modified":"2024-10-01T00:21:50","modified_gmt":"2024-09-30T16:21:50","slug":"stores","status":"publish","type":"page","link":"http:\/\/www.allutr.com\/en\/stores\/","title":{"rendered":"Stores"},"content":{"rendered":"<div data-elementor-type=\"wp-page\" data-elementor-id=\"28402\" class=\"elementor elementor-28402\" data-elementor-post-type=\"page\">\n\t\t\t\t\n\t<script type=\"text\/javascript\">\n\t\t\n\t\tjQuery(document).ready(function ($) {\n\t\t\tvar elementSelector = \".elementor-element-e5b7de9\";\n\t\t\tvar $element = jQuery(elementSelector);\n\n\t\t\t\/\/ Adding the HTML structure\n\t\t\t$element.prepend('<div class=\"eae-section-bs\"><div class=\"eae-section-bs-inner\"><\/div><\/div>');\n\n\t\t\t\/\/ Initialize vegas background slider\n\t\t\t$element.children('.eae-section-bs').children('.eae-section-bs-inner').vegas({\n\t\t\t\tslides: [{\"src\":\"http:\\\/\\\/www.allutr.com\\\/wp-content\\\/uploads\\\/2022\\\/03\\\/brands_nanboya.jpg\"}],\n\t\t\t\ttransition: 'fade',\n\t\t\t\tanimation: '',\n\t\t\t\toverlay: 'http:\/\/www.allutr.com\/wp-content\/plugins\/addon-elements-for-elementor-page-builder\/\/assets\/lib\/vegas\/overlays\/00.png',\n\t\t\t\tcover: true,\n\t\t\t\tdelay: 6000,\n\t\t\t\ttimer: false\t\t\t});\n\t\t\t\n\n\t\t\t\/\/ Clear the overlay if custom overlay switcher is set to 'yes'\n\t\t\tif ('yes' === 'yes') {\n\t\t\t\t$element.find('.vegas-overlay').css('background-image', '');\n\t\t\t}\n\t\t});\n\t<\/script>\n\t\t\t\t<section class=\"has_eae_slider elementor-section elementor-top-section elementor-element elementor-element-e5b7de9 elementor-section-full_width elementor-section-height-min-height elementor-section-content-middle elementor-section-stretched elementor-section-height-default elementor-section-items-middle\" data-id=\"e5b7de9\" data-element_type=\"section\" data-settings=\"{&quot;background_background&quot;:&quot;slideshow&quot;,&quot;stretch_section&quot;:&quot;section-stretched&quot;,&quot;background_slideshow_gallery&quot;:[],&quot;background_slideshow_slide_duration&quot;:5000,&quot;background_slideshow_slide_transition&quot;:&quot;fade&quot;,&quot;background_slideshow_transition_duration&quot;:500}\">\n\t\t\t\t\t\t\t<div class=\"elementor-background-overlay\"><\/div>\n\t\t\t\t\t\t\t<div class=\"elementor-container elementor-column-gap-default\">\n\t\t\t\t\t<div class=\"has_eae_slider elementor-column elementor-col-100 elementor-top-column elementor-element elementor-element-5a9ca1f8\" data-id=\"5a9ca1f8\" data-element_type=\"column\">\n\t\t\t<div class=\"elementor-widget-wrap elementor-element-populated\">\n\t\t\t\t\t\t<div class=\"elementor-element elementor-element-5e28233f elementor-headline--style-rotate elementor-widget elementor-widget-animated-headline\" data-id=\"5e28233f\" data-element_type=\"widget\" data-settings=\"{&quot;headline_style&quot;:&quot;rotate&quot;,&quot;rotate_iteration_delay&quot;:1000,&quot;animation_type&quot;:&quot;typing&quot;,&quot;loop&quot;:&quot;yes&quot;}\" data-widget_type=\"animated-headline.default\">\n\t\t\t\t<div class=\"elementor-widget-container\">\n\t\t\t\t\t<h2 class=\"elementor-headline elementor-headline-animation-type-typing elementor-headline-letters\">\n\t\t\t\t\t<span class=\"elementor-headline-plain-text elementor-headline-text-wrapper\">Allu Stores<\/span>\n\t\t\t\t<span class=\"elementor-headline-dynamic-wrapper elementor-headline-text-wrapper\">\n\t\t\t\t<\/span>\n\t\t\t\t<\/h2>\n\t\t\t\t<\/div>\n\t\t\t\t<\/div>\n\t\t\t\t<div class=\"elementor-element elementor-element-b0e9399 elementor-invisible elementor-widget elementor-widget-heading\" data-id=\"b0e9399\" data-element_type=\"widget\" data-settings=\"{&quot;_animation&quot;:&quot;fadeIn&quot;}\" data-widget_type=\"heading.default\">\n\t\t\t\t<div class=\"elementor-widget-container\">\n\t\t\t<h2 class=\"elementor-heading-title elementor-size-default\">Contact us via WhatsApp to sell your luxury items<\/h2>\t\t<\/div>\n\t\t\t\t<\/div>\n\t\t\t\t\t<\/div>\n\t\t<\/div>\n\t\t\t\t\t<\/div>\n\t\t<\/section>\n\t\t\t\t<section class=\"has_eae_slider elementor-section elementor-top-section elementor-element elementor-element-47568ef7 elementor-section-boxed elementor-section-height-default elementor-section-height-default\" data-id=\"47568ef7\" data-element_type=\"section\">\n\t\t\t\t\t\t<div class=\"elementor-container elementor-column-gap-default\">\n\t\t\t\t\t<div class=\"has_eae_slider elementor-column elementor-col-100 elementor-top-column elementor-element elementor-element-6ddf83cf\" data-id=\"6ddf83cf\" data-element_type=\"column\">\n\t\t\t<div class=\"elementor-widget-wrap elementor-element-populated\">\n\t\t\t\t\t\t<div class=\"elementor-element elementor-element-2a012da6 elementor-widget elementor-widget-heading\" data-id=\"2a012da6\" data-element_type=\"widget\" data-widget_type=\"heading.default\">\n\t\t\t\t<div class=\"elementor-widget-container\">\n\t\t\t<h1 class=\"elementor-heading-title elementor-size-default\">Discover our stores worldwide<\/h1>\t\t<\/div>\n\t\t\t\t<\/div>\n\t\t\t\t<div class=\"elementor-element elementor-element-42c80cf elementor-widget elementor-widget-shortcode\" data-id=\"42c80cf\" data-element_type=\"widget\" data-widget_type=\"shortcode.default\">\n\t\t\t\t<div class=\"elementor-widget-container\">\n\t\t\t\t\t<div class=\"elementor-shortcode\"><div id=\"storepoint-container\" data-map-id=\"166fa5b4053547\"><\/div><script>(function(){var a=document.createElement(\"script\");a.type=\"text\/javascript\";a.async=!0;a.src=\"https:\/\/cdn.storepoint.co\/api\/v1\/js\/166fa5b4053547.js\";var b=document.getElementsByTagName(\"script\")[0];b.parentNode.insertBefore(a,b);}());<\/script><\/div>\n\t\t\t\t<\/div>\n\t\t\t\t<\/div>\n\t\t\t\t<div class=\"elementor-element elementor-element-c4b27d4 elementor-widget elementor-widget-spacer\" data-id=\"c4b27d4\" data-element_type=\"widget\" data-widget_type=\"spacer.default\">\n\t\t\t\t<div class=\"elementor-widget-container\">\n\t\t\t\t\t<div class=\"elementor-spacer\">\n\t\t\t<div class=\"elementor-spacer-inner\"><\/div>\n\t\t<\/div>\n\t\t\t\t<\/div>\n\t\t\t\t<\/div>\n\t\t\t\t\t<\/div>\n\t\t<\/div>\n\t\t\t\t\t<\/div>\n\t\t<\/section>\n\t\t\t\t<\/div>","protected":false},"excerpt":{"rendered":"<p>Allu Ma\u011fazalar\u0131 L\u00fcks e\u015fyalar\u0131n\u0131z\u0131 satmak i\u00e7in WhatsApp \u00fczerinden bize ula\u015f\u0131n D\u00fcnya \u00e7ap\u0131nda ma\u011fazalar\u0131m\u0131z\u0131 ke\u015ffedin<\/p>","protected":false},"author":33,"featured_media":0,"parent":0,"menu_order":0,"comment_status":"closed","ping_status":"closed","template":"","meta":{"_acf_changed":false,"inline_featured_image":false,"footnotes":""},"class_list":["post-28402","page","type-page","status-publish","hentry"],"acf":[],"_links":{"self":[{"href":"http:\/\/www.allutr.com\/en\/wp-json\/wp\/v2\/pages\/28402","targetHints":{"allow":["GET"]}}],"collection":[{"href":"http:\/\/www.allutr.com\/en\/wp-json\/wp\/v2\/pages"}],"about":[{"href":"http:\/\/www.allutr.com\/en\/wp-json\/wp\/v2\/types\/page"}],"author":[{"embeddable":true,"href":"http:\/\/www.allutr.com\/en\/wp-json\/wp\/v2\/users\/33"}],"replies":[{"embeddable":true,"href":"http:\/\/www.allutr.com\/en\/wp-json\/wp\/v2\/comments?post=28402"}],"version-history":[{"count":0,"href":"http:\/\/www.allutr.com\/en\/wp-json\/wp\/v2\/pages\/28402\/revisions"}],"wp:attachment":[{"href":"http:\/\/www.allutr.com\/en\/wp-json\/wp\/v2\/media?parent=28402"}],"curies":[{"name":"wp","href":"https:\/\/api.w.org\/{rel}","templated":true}]}}